{"id":2224,"date":"2024-11-27T09:20:13","date_gmt":"2024-11-27T09:20:13","guid":{"rendered":"https:\/\/themexriver.com\/wp\/agenca\/?page_id=6"},"modified":"2025-06-25T10:27:09","modified_gmt":"2025-06-25T08:27:09","slug":"deluxe_prijevoz","status":"publish","type":"page","link":"https:\/\/deluxeprijevoz.hr\/","title":{"rendered":"Home"},"content":{"rendered":"<p><strong>DELUXE PRIJEVOZ j. d. o. o.<\/strong><br \/>\n<strong>Posrednik u Taxi prijevozu Uber i Bolt | Web stranice | Audio-vizualna produkcija | Branding web shopa<\/strong><\/p>\n<p><strong>\u017delite brzu, sigurnu i pouzdanu vo\u017enju?<\/strong><br \/>\n<strong>DELUXE PRIJEVOZ je va\u0161 partner za udoban i efikasan taxi prijevoz putem Ubera i Bolta. Nudimo vam vrhunsku uslugu koja vam garantira sigurnost i komfor na svakom putovanju.<\/strong><\/p>\n<p><strong>\u017delite imati profesionalnu web stranicu ili e-trgovinu koja \u0107e istaknuti va\u0161e poslovanje?<\/strong><br \/>\n<strong>Na\u0161 tim stru\u010dnjaka kreira prilago\u0111ene web stranice i branding rje\u0161enja za va\u0161e web shopove, poma\u017eu\u0107i vam da pove\u0107ate vidljivost i ostvarite bolje rezultate online.<\/strong><\/p>\n<p><strong>Tako\u0111er, specijalizirani smo za audio-vizualnu produkciju koja \u0107e va\u0161em brendu dati snagu i prepoznatljivost na tr\u017ei\u0161tu.<\/strong><\/p>\n<p><strong>Za\u0161to odabrati nas?<\/strong><\/p>\n<ul>\n<li><strong>Profesionalnost i iskustvo u svim segmentima<\/strong><\/li>\n<li><strong>Personalizirani pristup svakom klijentu<\/strong><\/li>\n<li><strong>Inovativna rje\u0161enja za va\u0161e poslovanje<\/strong><\/li>\n<\/ul>\n<p><strong>Kontaktirajte nas i zajedno \u0107emo kreirati strategiju koja \u0107e va\u0161e poslovanje podi\u0107i na vi\u0161i nivo!<\/strong><br \/>\n<iframe title=\"YouTube video player\" src=\"https:\/\/www.youtube.com\/embed\/VjqZTmc_NwI?si=RAhuWjxjigbO3lX2\" width=\"560\" height=\"315\" frameborder=\"0\" allowfullscreen=\"allowfullscreen\"><\/iframe><\/p>\n","protected":false},"excerpt":{"rendered":"<p>DELUXE PRIJEVOZ j. d. o. o. Posrednik u Taxi prijevozu Uber i Bolt | Web stranice | Audio-vizualna produkcija | Branding web shopa \u017delite brzu, sigurnu i pouzdanu vo\u017enju? DELUXE PRIJEVOZ je va\u0161 partner za udoban i efikasan taxi prijevoz putem Ubera i Bolta. Nudimo vam vrhunsku uslugu koja vam garantira sigurnost i komfor na svakom putovanju. \u017delite imati profesionalnu web stranicu ili e-trgovinu koja \u0107e istaknuti va\u0161e poslovanje? Na\u0161 tim stru\u010dnjaka kreira prilago\u0111ene web stranice i branding rje\u0161enja za va\u0161e web shopove, poma\u017eu\u0107i vam da pove\u0107ate vidljivost i ostvarite bolje rezultate online. Tako\u0111er, specijalizirani smo za audio-vizualnu produkciju koja \u0107e va\u0161em brendu dati snagu i prepoznatljivost na tr\u017ei\u0161tu. Za\u0161to odabrati nas? Profesionalnost i iskustvo u svim segmentima Personalizirani pristup svakom klijentu Inovativna rje\u0161enja za va\u0161e poslovanje Kontaktirajte nas i zajedno \u0107emo kreirati strategiju koja \u0107e va\u0161e poslovanje podi\u0107i na vi\u0161i nivo!<\/p>\n","protected":false},"author":1,"featured_media":2756,"parent":16,"menu_order":0,"comment_status":"closed","ping_status":"closed","template":"","meta":{"tpgb_global_settings":"","_eb_attr":"","_uag_custom_page_level_css":"","_glsr_average":0,"_glsr_ranking":0,"_glsr_reviews":0,"footnotes":""},"class_list":["post-2224","page","type-page","status-publish","has-post-thumbnail","hentry"],"yoast_head":"<!-- This site is optimized with the Yoast SEO plugin v27.3 - https:\/\/yoast.com\/product\/yoast-seo-wordpress\/ -->\n<title>Home - Deluxe prijevoz<\/title>\n<meta name=\"robots\" content=\"index, follow, max-snippet:-1, max-video-preview:-1, noimageindex\" \/>\n<link rel=\"canonical\" href=\"https:\/\/deluxeprijevoz.hr\/\" \/>\n<meta property=\"og:locale\" content=\"hr_HR\" \/>\n<meta property=\"og:type\" content=\"article\" \/>\n<meta property=\"og:title\" content=\"Home - Deluxe prijevoz\" \/>\n<meta property=\"og:description\" content=\"DELUXE PRIJEVOZ j. d. o. o. Posrednik u Taxi prijevozu Uber i Bolt | Web stranice | Audio-vizualna produkcija | Branding web shopa \u017delite brzu, sigurnu i pouzdanu vo\u017enju? DELUXE PRIJEVOZ je va\u0161 partner za udoban i efikasan taxi prijevoz putem Ubera i Bolta. Nudimo vam vrhunsku uslugu koja vam garantira sigurnost i komfor na svakom putovanju. \u017delite imati profesionalnu web stranicu ili e-trgovinu koja \u0107e istaknuti va\u0161e poslovanje? Na\u0161 tim stru\u010dnjaka kreira prilago\u0111ene web stranice i branding rje\u0161enja za va\u0161e web shopove, poma\u017eu\u0107i vam da pove\u0107ate vidljivost i ostvarite bolje rezultate online. Tako\u0111er, specijalizirani smo za audio-vizualnu produkciju koja \u0107e va\u0161em brendu dati snagu i prepoznatljivost na tr\u017ei\u0161tu. Za\u0161to odabrati nas? Profesionalnost i iskustvo u svim segmentima Personalizirani pristup svakom klijentu Inovativna rje\u0161enja za va\u0161e poslovanje Kontaktirajte nas i zajedno \u0107emo kreirati strategiju koja \u0107e va\u0161e poslovanje podi\u0107i na vi\u0161i nivo!\" \/>\n<meta property=\"og:url\" content=\"https:\/\/deluxeprijevoz.hr\/\" \/>\n<meta property=\"og:site_name\" content=\"Deluxe prijevoz\" \/>\n<meta property=\"article:modified_time\" content=\"2025-06-25T08:27:09+00:00\" \/>\n<meta property=\"og:image\" content=\"https:\/\/deluxeprijevoz.hr\/wp-content\/uploads\/2025\/06\/DELUXE-LOGO-1024x646.png\" \/>\n\t<meta property=\"og:image:width\" content=\"1024\" \/>\n\t<meta property=\"og:image:height\" content=\"646\" \/>\n\t<meta property=\"og:image:type\" content=\"image\/png\" \/>\n<meta name=\"twitter:card\" content=\"summary_large_image\" \/>\n<meta name=\"twitter:label1\" content=\"Procijenjeno vrijeme \u010ditanja\" \/>\n\t<meta name=\"twitter:data1\" content=\"1 minuta\" \/>\n<script type=\"application\/ld+json\" class=\"yoast-schema-graph\">{\"@context\":\"https:\\\/\\\/schema.org\",\"@graph\":[{\"@type\":\"AdvertiserContentArticle\",\"@id\":\"https:\\\/\\\/deluxeprijevoz.hr\\\/#article\",\"isPartOf\":{\"@id\":\"https:\\\/\\\/deluxeprijevoz.hr\\\/\"},\"author\":{\"name\":\"admin\",\"@id\":\"https:\\\/\\\/deluxeprijevoz.hr\\\/#\\\/schema\\\/person\\\/bf399382df71d30e3e03c6dfcc6e6a7f\"},\"headline\":\"Home\",\"datePublished\":\"2024-11-27T09:20:13+00:00\",\"dateModified\":\"2025-06-25T08:27:09+00:00\",\"mainEntityOfPage\":{\"@id\":\"https:\\\/\\\/deluxeprijevoz.hr\\\/\"},\"wordCount\":159,\"publisher\":{\"@id\":\"https:\\\/\\\/deluxeprijevoz.hr\\\/#organization\"},\"image\":{\"@id\":\"https:\\\/\\\/deluxeprijevoz.hr\\\/#primaryimage\"},\"thumbnailUrl\":\"https:\\\/\\\/deluxeprijevoz.hr\\\/wp-content\\\/uploads\\\/2025\\\/06\\\/DELUXE-LOGO.png\",\"inLanguage\":\"hr\"},{\"@type\":\"WebPage\",\"@id\":\"https:\\\/\\\/deluxeprijevoz.hr\\\/\",\"url\":\"https:\\\/\\\/deluxeprijevoz.hr\\\/\",\"name\":\"Home - Deluxe prijevoz\",\"isPartOf\":{\"@id\":\"https:\\\/\\\/deluxeprijevoz.hr\\\/#website\"},\"primaryImageOfPage\":{\"@id\":\"https:\\\/\\\/deluxeprijevoz.hr\\\/#primaryimage\"},\"image\":{\"@id\":\"https:\\\/\\\/deluxeprijevoz.hr\\\/#primaryimage\"},\"thumbnailUrl\":\"https:\\\/\\\/deluxeprijevoz.hr\\\/wp-content\\\/uploads\\\/2025\\\/06\\\/DELUXE-LOGO.png\",\"datePublished\":\"2024-11-27T09:20:13+00:00\",\"dateModified\":\"2025-06-25T08:27:09+00:00\",\"breadcrumb\":{\"@id\":\"https:\\\/\\\/deluxeprijevoz.hr\\\/#breadcrumb\"},\"inLanguage\":\"hr\",\"potentialAction\":[{\"@type\":\"ReadAction\",\"target\":[\"https:\\\/\\\/deluxeprijevoz.hr\\\/\"]}]},{\"@type\":\"ImageObject\",\"inLanguage\":\"hr\",\"@id\":\"https:\\\/\\\/deluxeprijevoz.hr\\\/#primaryimage\",\"url\":\"https:\\\/\\\/deluxeprijevoz.hr\\\/wp-content\\\/uploads\\\/2025\\\/06\\\/DELUXE-LOGO.png\",\"contentUrl\":\"https:\\\/\\\/deluxeprijevoz.hr\\\/wp-content\\\/uploads\\\/2025\\\/06\\\/DELUXE-LOGO.png\",\"width\":1840,\"height\":1160,\"caption\":\"DELUXE\"},{\"@type\":\"BreadcrumbList\",\"@id\":\"https:\\\/\\\/deluxeprijevoz.hr\\\/#breadcrumb\",\"itemListElement\":[{\"@type\":\"ListItem\",\"position\":1,\"name\":\"Home\",\"item\":\"https:\\\/\\\/deluxeprijevoz.hr\\\/\"},{\"@type\":\"ListItem\",\"position\":2,\"name\":\"DELUXE PRIJEVOZ\",\"item\":\"https:\\\/\\\/deluxeprijevoz.hr\\\/index.php\\\/deluxe-prijevoz\\\/\"},{\"@type\":\"ListItem\",\"position\":3,\"name\":\"DELUXE\"}]},{\"@type\":\"WebSite\",\"@id\":\"https:\\\/\\\/deluxeprijevoz.hr\\\/#website\",\"url\":\"https:\\\/\\\/deluxeprijevoz.hr\\\/\",\"name\":\"Deluxe prijevoz\",\"description\":\"deluxe_prijevoz\",\"publisher\":{\"@id\":\"https:\\\/\\\/deluxeprijevoz.hr\\\/#organization\"},\"potentialAction\":[{\"@type\":\"SearchAction\",\"target\":{\"@type\":\"EntryPoint\",\"urlTemplate\":\"https:\\\/\\\/deluxeprijevoz.hr\\\/?s={search_term_string}\"},\"query-input\":{\"@type\":\"PropertyValueSpecification\",\"valueRequired\":true,\"valueName\":\"search_term_string\"}}],\"inLanguage\":\"hr\"},{\"@type\":\"Organization\",\"@id\":\"https:\\\/\\\/deluxeprijevoz.hr\\\/#organization\",\"name\":\"Deluxe prijevoz\",\"url\":\"https:\\\/\\\/deluxeprijevoz.hr\\\/\",\"logo\":{\"@type\":\"ImageObject\",\"inLanguage\":\"hr\",\"@id\":\"https:\\\/\\\/deluxeprijevoz.hr\\\/#\\\/schema\\\/logo\\\/image\\\/\",\"url\":\"https:\\\/\\\/deluxeprijevoz.hr\\\/wp-content\\\/uploads\\\/2025\\\/06\\\/Deluxe_Logo_2020_-_RGB-2.png\",\"contentUrl\":\"https:\\\/\\\/deluxeprijevoz.hr\\\/wp-content\\\/uploads\\\/2025\\\/06\\\/Deluxe_Logo_2020_-_RGB-2.png\",\"width\":747,\"height\":176,\"caption\":\"Deluxe prijevoz\"},\"image\":{\"@id\":\"https:\\\/\\\/deluxeprijevoz.hr\\\/#\\\/schema\\\/logo\\\/image\\\/\"}},{\"@type\":\"Person\",\"@id\":\"https:\\\/\\\/deluxeprijevoz.hr\\\/#\\\/schema\\\/person\\\/bf399382df71d30e3e03c6dfcc6e6a7f\",\"name\":\"admin\",\"sameAs\":[\"https:\\\/\\\/deluxeprijevoz.hr\"],\"url\":\"https:\\\/\\\/deluxeprijevoz.hr\\\/index.php\\\/author\\\/admin_az4hxse1\\\/\"}]}<\/script>\n<!-- \/ Yoast SEO plugin. -->","yoast_head_json":{"title":"Home - Deluxe prijevoz","robots":{"index":"index","follow":"follow","max-snippet":"max-snippet:-1","max-video-preview":"max-video-preview:-1","imageindex":"noimageindex"},"canonical":"https:\/\/deluxeprijevoz.hr\/","og_locale":"hr_HR","og_type":"article","og_title":"Home - Deluxe prijevoz","og_description":"DELUXE PRIJEVOZ j. d. o. o. Posrednik u Taxi prijevozu Uber i Bolt | Web stranice | Audio-vizualna produkcija | Branding web shopa \u017delite brzu, sigurnu i pouzdanu vo\u017enju? DELUXE PRIJEVOZ je va\u0161 partner za udoban i efikasan taxi prijevoz putem Ubera i Bolta. Nudimo vam vrhunsku uslugu koja vam garantira sigurnost i komfor na svakom putovanju. \u017delite imati profesionalnu web stranicu ili e-trgovinu koja \u0107e istaknuti va\u0161e poslovanje? Na\u0161 tim stru\u010dnjaka kreira prilago\u0111ene web stranice i branding rje\u0161enja za va\u0161e web shopove, poma\u017eu\u0107i vam da pove\u0107ate vidljivost i ostvarite bolje rezultate online. Tako\u0111er, specijalizirani smo za audio-vizualnu produkciju koja \u0107e va\u0161em brendu dati snagu i prepoznatljivost na tr\u017ei\u0161tu. Za\u0161to odabrati nas? Profesionalnost i iskustvo u svim segmentima Personalizirani pristup svakom klijentu Inovativna rje\u0161enja za va\u0161e poslovanje Kontaktirajte nas i zajedno \u0107emo kreirati strategiju koja \u0107e va\u0161e poslovanje podi\u0107i na vi\u0161i nivo!","og_url":"https:\/\/deluxeprijevoz.hr\/","og_site_name":"Deluxe prijevoz","article_modified_time":"2025-06-25T08:27:09+00:00","og_image":[{"width":1024,"height":646,"url":"https:\/\/deluxeprijevoz.hr\/wp-content\/uploads\/2025\/06\/DELUXE-LOGO-1024x646.png","type":"image\/png"}],"twitter_card":"summary_large_image","twitter_misc":{"Procijenjeno vrijeme \u010ditanja":"1 minuta"},"schema":{"@context":"https:\/\/schema.org","@graph":[{"@type":"AdvertiserContentArticle","@id":"https:\/\/deluxeprijevoz.hr\/#article","isPartOf":{"@id":"https:\/\/deluxeprijevoz.hr\/"},"author":{"name":"admin","@id":"https:\/\/deluxeprijevoz.hr\/#\/schema\/person\/bf399382df71d30e3e03c6dfcc6e6a7f"},"headline":"Home","datePublished":"2024-11-27T09:20:13+00:00","dateModified":"2025-06-25T08:27:09+00:00","mainEntityOfPage":{"@id":"https:\/\/deluxeprijevoz.hr\/"},"wordCount":159,"publisher":{"@id":"https:\/\/deluxeprijevoz.hr\/#organization"},"image":{"@id":"https:\/\/deluxeprijevoz.hr\/#primaryimage"},"thumbnailUrl":"https:\/\/deluxeprijevoz.hr\/wp-content\/uploads\/2025\/06\/DELUXE-LOGO.png","inLanguage":"hr"},{"@type":"WebPage","@id":"https:\/\/deluxeprijevoz.hr\/","url":"https:\/\/deluxeprijevoz.hr\/","name":"Home - Deluxe prijevoz","isPartOf":{"@id":"https:\/\/deluxeprijevoz.hr\/#website"},"primaryImageOfPage":{"@id":"https:\/\/deluxeprijevoz.hr\/#primaryimage"},"image":{"@id":"https:\/\/deluxeprijevoz.hr\/#primaryimage"},"thumbnailUrl":"https:\/\/deluxeprijevoz.hr\/wp-content\/uploads\/2025\/06\/DELUXE-LOGO.png","datePublished":"2024-11-27T09:20:13+00:00","dateModified":"2025-06-25T08:27:09+00:00","breadcrumb":{"@id":"https:\/\/deluxeprijevoz.hr\/#breadcrumb"},"inLanguage":"hr","potentialAction":[{"@type":"ReadAction","target":["https:\/\/deluxeprijevoz.hr\/"]}]},{"@type":"ImageObject","inLanguage":"hr","@id":"https:\/\/deluxeprijevoz.hr\/#primaryimage","url":"https:\/\/deluxeprijevoz.hr\/wp-content\/uploads\/2025\/06\/DELUXE-LOGO.png","contentUrl":"https:\/\/deluxeprijevoz.hr\/wp-content\/uploads\/2025\/06\/DELUXE-LOGO.png","width":1840,"height":1160,"caption":"DELUXE"},{"@type":"BreadcrumbList","@id":"https:\/\/deluxeprijevoz.hr\/#breadcrumb","itemListElement":[{"@type":"ListItem","position":1,"name":"Home","item":"https:\/\/deluxeprijevoz.hr\/"},{"@type":"ListItem","position":2,"name":"DELUXE PRIJEVOZ","item":"https:\/\/deluxeprijevoz.hr\/index.php\/deluxe-prijevoz\/"},{"@type":"ListItem","position":3,"name":"DELUXE"}]},{"@type":"WebSite","@id":"https:\/\/deluxeprijevoz.hr\/#website","url":"https:\/\/deluxeprijevoz.hr\/","name":"Deluxe prijevoz","description":"deluxe_prijevoz","publisher":{"@id":"https:\/\/deluxeprijevoz.hr\/#organization"},"potentialAction":[{"@type":"SearchAction","target":{"@type":"EntryPoint","urlTemplate":"https:\/\/deluxeprijevoz.hr\/?s={search_term_string}"},"query-input":{"@type":"PropertyValueSpecification","valueRequired":true,"valueName":"search_term_string"}}],"inLanguage":"hr"},{"@type":"Organization","@id":"https:\/\/deluxeprijevoz.hr\/#organization","name":"Deluxe prijevoz","url":"https:\/\/deluxeprijevoz.hr\/","logo":{"@type":"ImageObject","inLanguage":"hr","@id":"https:\/\/deluxeprijevoz.hr\/#\/schema\/logo\/image\/","url":"https:\/\/deluxeprijevoz.hr\/wp-content\/uploads\/2025\/06\/Deluxe_Logo_2020_-_RGB-2.png","contentUrl":"https:\/\/deluxeprijevoz.hr\/wp-content\/uploads\/2025\/06\/Deluxe_Logo_2020_-_RGB-2.png","width":747,"height":176,"caption":"Deluxe prijevoz"},"image":{"@id":"https:\/\/deluxeprijevoz.hr\/#\/schema\/logo\/image\/"}},{"@type":"Person","@id":"https:\/\/deluxeprijevoz.hr\/#\/schema\/person\/bf399382df71d30e3e03c6dfcc6e6a7f","name":"admin","sameAs":["https:\/\/deluxeprijevoz.hr"],"url":"https:\/\/deluxeprijevoz.hr\/index.php\/author\/admin_az4hxse1\/"}]}},"tpgb_featured_images":{"full":["https:\/\/deluxeprijevoz.hr\/wp-content\/uploads\/2025\/06\/DELUXE-LOGO.png",1840,1160,false],"tp-image-grid":["https:\/\/deluxeprijevoz.hr\/wp-content\/uploads\/2025\/06\/DELUXE-LOGO-700x700.png",700,700,true],"thumbnail":["https:\/\/deluxeprijevoz.hr\/wp-content\/uploads\/2025\/06\/DELUXE-LOGO-150x150.png",150,150,true],"medium":["https:\/\/deluxeprijevoz.hr\/wp-content\/uploads\/2025\/06\/DELUXE-LOGO-300x189.png",300,189,true],"medium_large":["https:\/\/deluxeprijevoz.hr\/wp-content\/uploads\/2025\/06\/DELUXE-LOGO-768x484.png",640,403,true],"large":["https:\/\/deluxeprijevoz.hr\/wp-content\/uploads\/2025\/06\/DELUXE-LOGO-1024x646.png",640,404,true],"default":"https:\/\/deluxeprijevoz.hr\/wp-content\/plugins\/the-plus-addons-for-block-editor\/assets\/images\/tpgb-placeholder.jpg"},"tpgb_post_meta_info":{"get_date":"27\/11\/2024","get_modified_date":"25\/06\/2025","author_name":"admin","author_url":"https:\/\/deluxeprijevoz.hr\/index.php\/author\/admin_az4hxse1\/","author_email":"admin@deluxeprijevoz.hr","author_website":"https:\/\/deluxeprijevoz.hr","author_description":"","author_facebook":"","author_twitter":"","author_instagram":"","author_role":["administrator"],"author_firstname":"","author_lastname":"","user_login":"admin_az4hxse1","comment_count":0,"post_likes":0,"post_views":0},"tpgb_post_category":[],"uagb_featured_image_src":{"full":["https:\/\/deluxeprijevoz.hr\/wp-content\/uploads\/2025\/06\/DELUXE-LOGO.png",1840,1160,false],"thumbnail":["https:\/\/deluxeprijevoz.hr\/wp-content\/uploads\/2025\/06\/DELUXE-LOGO-150x150.png",150,150,true],"medium":["https:\/\/deluxeprijevoz.hr\/wp-content\/uploads\/2025\/06\/DELUXE-LOGO-300x189.png",300,189,true],"medium_large":["https:\/\/deluxeprijevoz.hr\/wp-content\/uploads\/2025\/06\/DELUXE-LOGO-768x484.png",640,403,true],"large":["https:\/\/deluxeprijevoz.hr\/wp-content\/uploads\/2025\/06\/DELUXE-LOGO-1024x646.png",640,404,true],"master_addons_team_thumb":["https:\/\/deluxeprijevoz.hr\/wp-content\/uploads\/2025\/06\/DELUXE-LOGO-250x330.png",250,330,true],"meafe-featured-page":["https:\/\/deluxeprijevoz.hr\/wp-content\/uploads\/2025\/06\/DELUXE-LOGO-500x410.png",500,410,true],"meafe-testimonial-two":["https:\/\/deluxeprijevoz.hr\/wp-content\/uploads\/2025\/06\/DELUXE-LOGO-272x316.png",272,316,true],"meafe-blog-one":["https:\/\/deluxeprijevoz.hr\/wp-content\/uploads\/2025\/06\/DELUXE-LOGO-370x247.png",370,247,true],"meafe-blog-two":["https:\/\/deluxeprijevoz.hr\/wp-content\/uploads\/2025\/06\/DELUXE-LOGO-197x278.png",197,278,true],"meafe-category-tab":["https:\/\/deluxeprijevoz.hr\/wp-content\/uploads\/2025\/06\/DELUXE-LOGO-355x355.png",355,355,true],"meafe-category-grid":["https:\/\/deluxeprijevoz.hr\/wp-content\/uploads\/2025\/06\/DELUXE-LOGO-370x370.png",370,370,true],"meafe-category-grid-one":["https:\/\/deluxeprijevoz.hr\/wp-content\/uploads\/2025\/06\/DELUXE-LOGO-570x530.png",570,530,true],"meafe-category-grid-two":["https:\/\/deluxeprijevoz.hr\/wp-content\/uploads\/2025\/06\/DELUXE-LOGO-270x180.png",270,180,true],"meafe-category-grid-three":["https:\/\/deluxeprijevoz.hr\/wp-content\/uploads\/2025\/06\/DELUXE-LOGO-570x320.png",570,320,true],"meafe-category-grid-lay-three":["https:\/\/deluxeprijevoz.hr\/wp-content\/uploads\/2025\/06\/DELUXE-LOGO-170x170.png",170,170,true],"meafe-post-modules-small-img":["https:\/\/deluxeprijevoz.hr\/wp-content\/uploads\/2025\/06\/DELUXE-LOGO-300x300.png",300,300,true],"1536x1536":["https:\/\/deluxeprijevoz.hr\/wp-content\/uploads\/2025\/06\/DELUXE-LOGO-1536x968.png",1536,968,true],"2048x2048":["https:\/\/deluxeprijevoz.hr\/wp-content\/uploads\/2025\/06\/DELUXE-LOGO.png",1840,1160,false],"tp-image-grid":["https:\/\/deluxeprijevoz.hr\/wp-content\/uploads\/2025\/06\/DELUXE-LOGO-700x700.png",700,700,true],"mega-construction-homepage-thumb":["https:\/\/deluxeprijevoz.hr\/wp-content\/uploads\/2025\/06\/DELUXE-LOGO-240x145.png",240,145,true],"qi_addons_for_elementor_image_size_square":["https:\/\/deluxeprijevoz.hr\/wp-content\/uploads\/2025\/06\/DELUXE-LOGO-650x650.png",650,650,true],"qi_addons_for_elementor_image_size_landscape":["https:\/\/deluxeprijevoz.hr\/wp-content\/uploads\/2025\/06\/DELUXE-LOGO-1300x650.png",1300,650,true],"qi_addons_for_elementor_image_size_portrait":["https:\/\/deluxeprijevoz.hr\/wp-content\/uploads\/2025\/06\/DELUXE-LOGO-650x1300.png",650,1300,true],"qi_addons_for_elementor_image_size_huge-square":["https:\/\/deluxeprijevoz.hr\/wp-content\/uploads\/2025\/06\/DELUXE-LOGO-1300x1300.png",1300,1300,true],"_nx_notification_thumb_100_100":["https:\/\/deluxeprijevoz.hr\/wp-content\/uploads\/2025\/06\/DELUXE-LOGO-100x100.png",100,100,true],"_nx_notification_thumb_200_200":["https:\/\/deluxeprijevoz.hr\/wp-content\/uploads\/2025\/06\/DELUXE-LOGO-200x200.png",200,200,true],"_nx_notification_thumb_300_300":["https:\/\/deluxeprijevoz.hr\/wp-content\/uploads\/2025\/06\/DELUXE-LOGO-300x300.png",300,300,true],"_nx_notification_thumb_400_400":["https:\/\/deluxeprijevoz.hr\/wp-content\/uploads\/2025\/06\/DELUXE-LOGO-400x400.png",400,400,true],"_nx_notification_thumb_500_500":["https:\/\/deluxeprijevoz.hr\/wp-content\/uploads\/2025\/06\/DELUXE-LOGO-500x500.png",500,500,true],"woocommerce_thumbnail":["https:\/\/deluxeprijevoz.hr\/wp-content\/uploads\/2025\/06\/DELUXE-LOGO-300x300.png",300,300,true],"woocommerce_single":["https:\/\/deluxeprijevoz.hr\/wp-content\/uploads\/2025\/06\/DELUXE-LOGO-600x378.png",600,378,true],"woocommerce_gallery_thumbnail":["https:\/\/deluxeprijevoz.hr\/wp-content\/uploads\/2025\/06\/DELUXE-LOGO-100x100.png",100,100,true]},"uagb_author_info":{"display_name":"admin","author_link":"https:\/\/deluxeprijevoz.hr\/index.php\/author\/admin_az4hxse1\/"},"uagb_comment_info":0,"uagb_excerpt":"DELUXE PRIJEVOZ j. d. o. o. Posrednik u Taxi prijevozu Uber i Bolt | Web stranice | Audio-vizualna produkcija | Branding web shopa \u017delite brzu, sigurnu i pouzdanu vo\u017enju? DELUXE PRIJEVOZ je va\u0161 partner za udoban i efikasan taxi prijevoz putem Ubera i Bolta. Nudimo vam vrhunsku uslugu koja vam garantira sigurnost i komfor na&hellip;","rttpg_featured_image_url":{"full":["https:\/\/deluxeprijevoz.hr\/wp-content\/uploads\/2025\/06\/DELUXE-LOGO.png",1840,1160,false],"landscape":["https:\/\/deluxeprijevoz.hr\/wp-content\/uploads\/2025\/06\/DELUXE-LOGO.png",1840,1160,false],"portraits":["https:\/\/deluxeprijevoz.hr\/wp-content\/uploads\/2025\/06\/DELUXE-LOGO.png",1840,1160,false],"thumbnail":["https:\/\/deluxeprijevoz.hr\/wp-content\/uploads\/2025\/06\/DELUXE-LOGO-150x150.png",150,150,true],"medium":["https:\/\/deluxeprijevoz.hr\/wp-content\/uploads\/2025\/06\/DELUXE-LOGO-300x189.png",300,189,true],"large":["https:\/\/deluxeprijevoz.hr\/wp-content\/uploads\/2025\/06\/DELUXE-LOGO-1024x646.png",640,404,true],"master_addons_team_thumb":["https:\/\/deluxeprijevoz.hr\/wp-content\/uploads\/2025\/06\/DELUXE-LOGO-250x330.png",250,330,true],"meafe-featured-page":["https:\/\/deluxeprijevoz.hr\/wp-content\/uploads\/2025\/06\/DELUXE-LOGO-500x410.png",500,410,true],"meafe-testimonial-two":["https:\/\/deluxeprijevoz.hr\/wp-content\/uploads\/2025\/06\/DELUXE-LOGO-272x316.png",272,316,true],"meafe-blog-one":["https:\/\/deluxeprijevoz.hr\/wp-content\/uploads\/2025\/06\/DELUXE-LOGO-370x247.png",370,247,true],"meafe-blog-two":["https:\/\/deluxeprijevoz.hr\/wp-content\/uploads\/2025\/06\/DELUXE-LOGO-197x278.png",197,278,true],"meafe-category-tab":["https:\/\/deluxeprijevoz.hr\/wp-content\/uploads\/2025\/06\/DELUXE-LOGO-355x355.png",355,355,true],"meafe-category-grid":["https:\/\/deluxeprijevoz.hr\/wp-content\/uploads\/2025\/06\/DELUXE-LOGO-370x370.png",370,370,true],"meafe-category-grid-one":["https:\/\/deluxeprijevoz.hr\/wp-content\/uploads\/2025\/06\/DELUXE-LOGO-570x530.png",570,530,true],"meafe-category-grid-two":["https:\/\/deluxeprijevoz.hr\/wp-content\/uploads\/2025\/06\/DELUXE-LOGO-270x180.png",270,180,true],"meafe-category-grid-three":["https:\/\/deluxeprijevoz.hr\/wp-content\/uploads\/2025\/06\/DELUXE-LOGO-570x320.png",570,320,true],"meafe-category-grid-lay-three":["https:\/\/deluxeprijevoz.hr\/wp-content\/uploads\/2025\/06\/DELUXE-LOGO-170x170.png",170,170,true],"meafe-post-modules-small-img":["https:\/\/deluxeprijevoz.hr\/wp-content\/uploads\/2025\/06\/DELUXE-LOGO-300x300.png",300,300,true],"1536x1536":["https:\/\/deluxeprijevoz.hr\/wp-content\/uploads\/2025\/06\/DELUXE-LOGO-1536x968.png",1536,968,true],"2048x2048":["https:\/\/deluxeprijevoz.hr\/wp-content\/uploads\/2025\/06\/DELUXE-LOGO.png",1840,1160,false],"tp-image-grid":["https:\/\/deluxeprijevoz.hr\/wp-content\/uploads\/2025\/06\/DELUXE-LOGO-700x700.png",700,700,true],"mega-construction-homepage-thumb":["https:\/\/deluxeprijevoz.hr\/wp-content\/uploads\/2025\/06\/DELUXE-LOGO-240x145.png",240,145,true],"qi_addons_for_elementor_image_size_square":["https:\/\/deluxeprijevoz.hr\/wp-content\/uploads\/2025\/06\/DELUXE-LOGO-650x650.png",650,650,true],"qi_addons_for_elementor_image_size_landscape":["https:\/\/deluxeprijevoz.hr\/wp-content\/uploads\/2025\/06\/DELUXE-LOGO-1300x650.png",1300,650,true],"qi_addons_for_elementor_image_size_portrait":["https:\/\/deluxeprijevoz.hr\/wp-content\/uploads\/2025\/06\/DELUXE-LOGO-650x1300.png",650,1300,true],"qi_addons_for_elementor_image_size_huge-square":["https:\/\/deluxeprijevoz.hr\/wp-content\/uploads\/2025\/06\/DELUXE-LOGO-1300x1300.png",1300,1300,true],"_nx_notification_thumb_100_100":["https:\/\/deluxeprijevoz.hr\/wp-content\/uploads\/2025\/06\/DELUXE-LOGO-100x100.png",100,100,true],"_nx_notification_thumb_200_200":["https:\/\/deluxeprijevoz.hr\/wp-content\/uploads\/2025\/06\/DELUXE-LOGO-200x200.png",200,200,true],"_nx_notification_thumb_300_300":["https:\/\/deluxeprijevoz.hr\/wp-content\/uploads\/2025\/06\/DELUXE-LOGO-300x300.png",300,300,true],"_nx_notification_thumb_400_400":["https:\/\/deluxeprijevoz.hr\/wp-content\/uploads\/2025\/06\/DELUXE-LOGO-400x400.png",400,400,true],"_nx_notification_thumb_500_500":["https:\/\/deluxeprijevoz.hr\/wp-content\/uploads\/2025\/06\/DELUXE-LOGO-500x500.png",500,500,true],"woocommerce_thumbnail":["https:\/\/deluxeprijevoz.hr\/wp-content\/uploads\/2025\/06\/DELUXE-LOGO-300x300.png",300,300,true],"woocommerce_single":["https:\/\/deluxeprijevoz.hr\/wp-content\/uploads\/2025\/06\/DELUXE-LOGO-600x378.png",600,378,true],"woocommerce_gallery_thumbnail":["https:\/\/deluxeprijevoz.hr\/wp-content\/uploads\/2025\/06\/DELUXE-LOGO-100x100.png",100,100,true]},"rttpg_author":{"display_name":"admin","author_link":"https:\/\/deluxeprijevoz.hr\/index.php\/author\/admin_az4hxse1\/"},"rttpg_comment":0,"rttpg_category":null,"rttpg_excerpt":"DELUXE PRIJEVOZ j. d. o. o. Posrednik u Taxi prijevozu Uber i Bolt | Web stranice | Audio-vizualna produkcija | Branding web shopa \u017delite brzu, sigurnu i pouzdanu vo\u017enju? DELUXE PRIJEVOZ je va\u0161 partner za udoban i efikasan taxi prijevoz putem Ubera i Bolta. Nudimo vam vrhunsku uslugu koja vam garantira sigurnost i komfor na&hellip;","_links":{"self":[{"href":"https:\/\/deluxeprijevoz.hr\/index.php\/wp-json\/wp\/v2\/pages\/2224","targetHints":{"allow":["GET"]}}],"collection":[{"href":"https:\/\/deluxeprijevoz.hr\/index.php\/wp-json\/wp\/v2\/pages"}],"about":[{"href":"https:\/\/deluxeprijevoz.hr\/index.php\/wp-json\/wp\/v2\/types\/page"}],"author":[{"embeddable":true,"href":"https:\/\/deluxeprijevoz.hr\/index.php\/wp-json\/wp\/v2\/users\/1"}],"replies":[{"embeddable":true,"href":"https:\/\/deluxeprijevoz.hr\/index.php\/wp-json\/wp\/v2\/comments?post=2224"}],"version-history":[{"count":20,"href":"https:\/\/deluxeprijevoz.hr\/index.php\/wp-json\/wp\/v2\/pages\/2224\/revisions"}],"predecessor-version":[{"id":2765,"href":"https:\/\/deluxeprijevoz.hr\/index.php\/wp-json\/wp\/v2\/pages\/2224\/revisions\/2765"}],"up":[{"embeddable":true,"href":"https:\/\/deluxeprijevoz.hr\/index.php\/wp-json\/wp\/v2\/pages\/16"}],"wp:featuredmedia":[{"embeddable":true,"href":"https:\/\/deluxeprijevoz.hr\/index.php\/wp-json\/wp\/v2\/media\/2756"}],"wp:attachment":[{"href":"https:\/\/deluxeprijevoz.hr\/index.php\/wp-json\/wp\/v2\/media?parent=2224"}],"curies":[{"name":"wp","href":"https:\/\/api.w.org\/{rel}","templated":true}]}}